{"id":29949,"date":"2012-11-19T18:09:46","date_gmt":"2012-11-19T18:09:46","guid":{"rendered":"http:\/\/www.flytiersworld.it\/?product=ftw-sedge-bagnata"},"modified":"2026-02-15T12:50:58","modified_gmt":"2026-02-15T12:50:58","slug":"ftw-sedge-bagnata","status":"publish","type":"product","link":"https:\/\/www.flytiersworld.it\/en\/shop\/mosche\/secca\/secca-caddis-sedge-wulffs\/ftw-sedge-bagnata\/","title":{"rendered":"FTW WET SEDGE"},"content":{"rendered":"<p>Questa imitazione l&#8217;ho scoperta molti anni fa in un negozietto in Svezia, comprata per curiosit\u00e0 si \u00e8 rivelata micidiale sia in Svezia sia nelle nostre acque!!! Indispensabile averla nelle nostre scatole \u00e8 da utilizzare sia come mosca da caccia che in presenza di schiuse di sedge, debitamente ingrassata con il Mucilin Verde lavora molto bene anche come mosca secca. Provatela e ne rimarrete entusiasti!<\/p>","protected":false},"excerpt":{"rendered":"<p>Questa imitazione l&#8217;ho scoperta molti anni fa in un negozietto in Svezia, comprata per curiosit\u00e0 si \u00e8 rivelata micidiale sia in Svezia sia nelle nostre acque!!! Indispensabile averla nelle nostre scatole \u00e8 da utilizzare sia come mosca da caccia che in presenza di schiuse di sedge, debitamente ingrassata con il Mucilin Verde lavora molto bene [&hellip;]<\/p>\n","protected":false},"featured_media":29950,"comment_status":"open","ping_status":"closed","template":"","meta":[],"product_brand":[],"product_cat":[3796,3717,3794],"product_tag":[5471,5064,5472],"class_list":{"0":"post-29949","1":"product","2":"type-product","3":"status-publish","4":"has-post-thumbnail","6":"product_cat-secca-caddis-sedge-wulffs","7":"product_cat-mosche","8":"product_cat-secca","9":"product_tag-ftw-sedge-bagnata","10":"product_tag-mosche-secche","11":"product_tag-sdgb","12":"pa_brand-flytiersworld","13":"pa_colori-mosche-sedge-bagnata-brown-10","14":"pa_colori-mosche-sedge-bagnata-brown-12","15":"pa_colori-mosche-sedge-bagnata-cream-10","16":"pa_colori-mosche-sedge-bagnata-cream-12","18":"first","19":"instock","20":"shipping-taxable","21":"purchasable","22":"product-type-variable"},"_links":{"self":[{"href":"https:\/\/www.flytiersworld.it\/en\/wp-json\/wp\/v2\/product\/29949","targetHints":{"allow":["GET"]}}],"collection":[{"href":"https:\/\/www.flytiersworld.it\/en\/wp-json\/wp\/v2\/product"}],"about":[{"href":"https:\/\/www.flytiersworld.it\/en\/wp-json\/wp\/v2\/types\/product"}],"replies":[{"embeddable":true,"href":"https:\/\/www.flytiersworld.it\/en\/wp-json\/wp\/v2\/comments?post=29949"}],"wp:featuredmedia":[{"embeddable":true,"href":"https:\/\/www.flytiersworld.it\/en\/wp-json\/wp\/v2\/media\/29950"}],"wp:attachment":[{"href":"https:\/\/www.flytiersworld.it\/en\/wp-json\/wp\/v2\/media?parent=29949"}],"wp:term":[{"taxonomy":"product_brand","embeddable":true,"href":"https:\/\/www.flytiersworld.it\/en\/wp-json\/wp\/v2\/product_brand?post=29949"},{"taxonomy":"product_cat","embeddable":true,"href":"https:\/\/www.flytiersworld.it\/en\/wp-json\/wp\/v2\/product_cat?post=29949"},{"taxonomy":"product_tag","embeddable":true,"href":"https:\/\/www.flytiersworld.it\/en\/wp-json\/wp\/v2\/product_tag?post=29949"}],"curies":[{"name":"wp","href":"https:\/\/api.w.org\/{rel}","templated":true}]}}