{"id":29807,"date":"2012-08-30T14:43:22","date_gmt":"2012-08-30T14:43:22","guid":{"rendered":"http:\/\/www.flytiersworld.it\/?product=ftw-body-fly"},"modified":"2024-10-17T13:48:07","modified_gmt":"2024-10-17T13:48:07","slug":"ftw-body-fly","status":"publish","type":"product","link":"https:\/\/www.flytiersworld.it\/en\/shop\/costruzione\/prodotti-per-la-costruzione\/filati-tinsel\/bobine\/ftw-body-fly\/","title":{"rendered":"FTW BODY FLY"},"content":{"rendered":"<p>Materiale innovativo per la costruzione dei corpi di ninfe, secche, streamers\u00a0ed emergenti. Leggerissimo e traslucido non assorbe acqua favorendo, per ninfe streamers ed emergenti, l&#8217;affondamento rapido e nel caso delle secche un&#8217;ottima galleggiabilit\u00e0. Nel caso si volesse ottenere il colore del corpo sfumato consiglio di fare una base bianca e a seconda dei giri di materiale che si effettuano si potr\u00e0 sfumare il corpo andando dalla tonalit\u00e0 pi\u00f9 chiara a quella pi\u00f9 scura o viceversa.<\/p>","protected":false},"excerpt":{"rendered":"<p>Materiale innovativo per la costruzione dei corpi di ninfe, secche, streamers\u00a0ed emergenti. Leggerissimo e traslucido non assorbe acqua favorendo, per ninfe streamers ed emergenti, l&#8217;affondamento rapido e nel caso delle secche un&#8217;ottima galleggiabilit\u00e0. Nel caso si volesse ottenere il colore del corpo sfumato consiglio di fare una base bianca e a seconda dei giri di [&hellip;]<\/p>\n","protected":false},"featured_media":29808,"comment_status":"open","ping_status":"closed","template":"","meta":[],"product_brand":[],"product_cat":[3894,3727,3849,3866,3751,3715],"product_tag":[5414],"class_list":{"0":"post-29807","1":"product","2":"type-product","3":"status-publish","4":"has-post-thumbnail","6":"product_cat-bobine","7":"product_cat-filati-tinsel","8":"product_cat-coregone","9":"product_cat-costruzione-mosche-coregone","10":"product_cat-filati","11":"product_cat-prodotti-per-la-costruzione","12":"product_tag-ftw-body-fly","13":"pa_brand-flytiersworld","14":"pa_colori-bobine-e-filati-bf-brown","15":"pa_colori-bobine-e-filati-bf-burnt-orange","16":"pa_colori-bobine-e-filati-bf-cinnamon","17":"pa_colori-bobine-e-filati-bf-claret","18":"pa_colori-bobine-e-filati-bf-creme","19":"pa_colori-bobine-e-filati-bf-golden-olive","20":"pa_colori-bobine-e-filati-bf-hot-pink","21":"pa_colori-bobine-e-filati-bf-lemon","22":"pa_colori-bobine-e-filati-bf-olive","23":"pa_colori-bobine-e-filati-bf-orange","24":"pa_colori-bobine-e-filati-bf-pink","25":"pa_colori-bobine-e-filati-bf-red","26":"pa_colori-bobine-e-filati-bf-salmon","27":"pa_colori-bobine-e-filati-bf-scarlet","28":"pa_colori-bobine-e-filati-bf-send","29":"pa_colori-bobine-e-filati-bf-white","30":"pa_colori-bobine-e-filati-bf-yellow","31":"pa_colori-bobine-e-filati-bf-yellow-olive","33":"first","34":"instock","35":"shipping-taxable","36":"purchasable","37":"product-type-variable"},"_links":{"self":[{"href":"https:\/\/www.flytiersworld.it\/en\/wp-json\/wp\/v2\/product\/29807","targetHints":{"allow":["GET"]}}],"collection":[{"href":"https:\/\/www.flytiersworld.it\/en\/wp-json\/wp\/v2\/product"}],"about":[{"href":"https:\/\/www.flytiersworld.it\/en\/wp-json\/wp\/v2\/types\/product"}],"replies":[{"embeddable":true,"href":"https:\/\/www.flytiersworld.it\/en\/wp-json\/wp\/v2\/comments?post=29807"}],"wp:featuredmedia":[{"embeddable":true,"href":"https:\/\/www.flytiersworld.it\/en\/wp-json\/wp\/v2\/media\/29808"}],"wp:attachment":[{"href":"https:\/\/www.flytiersworld.it\/en\/wp-json\/wp\/v2\/media?parent=29807"}],"wp:term":[{"taxonomy":"product_brand","embeddable":true,"href":"https:\/\/www.flytiersworld.it\/en\/wp-json\/wp\/v2\/product_brand?post=29807"},{"taxonomy":"product_cat","embeddable":true,"href":"https:\/\/www.flytiersworld.it\/en\/wp-json\/wp\/v2\/product_cat?post=29807"},{"taxonomy":"product_tag","embeddable":true,"href":"https:\/\/www.flytiersworld.it\/en\/wp-json\/wp\/v2\/product_tag?post=29807"}],"curies":[{"name":"wp","href":"https:\/\/api.w.org\/{rel}","templated":true}]}}