{"id":29700,"date":"2012-07-07T09:47:41","date_gmt":"2012-07-07T09:47:41","guid":{"rendered":"http:\/\/www.flytiersworld.it\/?product=ftw-indicator-bicolor"},"modified":"2026-03-19T12:54:22","modified_gmt":"2026-03-19T12:54:22","slug":"ftw-indicator-bicolor","status":"publish","type":"product","link":"https:\/\/www.flytiersworld.it\/en\/shop\/strike-indicator\/ftw-indicator-bicolor\/","title":{"rendered":"FTW INDICATOR BICOLOUR"},"content":{"rendered":"<p>Questo fantastico strike indicator deriva dallo studio e dall&#8217;esperienza che ho acquisito in molti anni di competizioni internazionali.<br \/>\nIn particolare questo strike indicator risulta essere molto leggero e semplice da usare, costruito con un monofilo bicolore dello 0,20 mm pu\u00f2 essere posizionato alla fine di un terminale conico o a nodi.<br \/>\nSette piccole palline di colore arancio fluo e giallo fluo danno il massimo della visibilit\u00e0 com qualsiasi condizione di luce, le palline giallo fluo sono montate sul filo arancio fluo e viceversa per creare un contrasto che rende visibile lo strike anche a lunghe distanze.<br \/>\nPersonalmente lo monto su un conico 9&#8217;2X (0,22mm) ottenendo cos\u00ec un finale base di 3,10 mt al quale aggiungo il tip di 150\/200 cm. La soluzione migliore, dopo aver scelto il colore che meglio si vede e dopo averlo fissato con un nodo a barilotto al terminale, \u00e8 quella di formare una micro asola con un perfect loop al quale verr\u00e0 legato il tip.<br \/>\nQuesto strike indicator pu\u00f2 fungere da strike vero e proprio ingrassandolo con il MUCILLIN VERDE (pasta siliconica) ottenendo cos\u00ec il massimo della galleggiabilit\u00e0 quando si vuole pescare con ninfe molto leggere o spiders in acque lente o in lame.<\/p>","protected":false},"excerpt":{"rendered":"<p>Questo fantastico strike indicator deriva dallo studio e dall&#8217;esperienza che ho acquisito in molti anni di competizioni internazionali. In particolare questo strike indicator risulta essere molto leggero e semplice da usare, costruito con un monofilo bicolore dello 0,20 mm pu\u00f2 essere posizionato alla fine di un terminale conico o a nodi. Sette piccole palline di [&hellip;]<\/p>\n","protected":false},"featured_media":29701,"comment_status":"open","ping_status":"closed","template":"","meta":[],"product_brand":[],"product_cat":[3895],"product_tag":[5179],"class_list":{"0":"post-29700","1":"product","2":"type-product","3":"status-publish","4":"has-post-thumbnail","6":"product_cat-strike-indicator","7":"product_tag-strike-indicator","8":"pa_brand-flytiersworld","9":"pa_versioni-strike-indicator-con-rings","10":"pa_versioni-strike-indicator-loops","12":"first","13":"instock","14":"shipping-taxable","15":"purchasable","16":"product-type-variable"},"_links":{"self":[{"href":"https:\/\/www.flytiersworld.it\/en\/wp-json\/wp\/v2\/product\/29700","targetHints":{"allow":["GET"]}}],"collection":[{"href":"https:\/\/www.flytiersworld.it\/en\/wp-json\/wp\/v2\/product"}],"about":[{"href":"https:\/\/www.flytiersworld.it\/en\/wp-json\/wp\/v2\/types\/product"}],"replies":[{"embeddable":true,"href":"https:\/\/www.flytiersworld.it\/en\/wp-json\/wp\/v2\/comments?post=29700"}],"wp:featuredmedia":[{"embeddable":true,"href":"https:\/\/www.flytiersworld.it\/en\/wp-json\/wp\/v2\/media\/29701"}],"wp:attachment":[{"href":"https:\/\/www.flytiersworld.it\/en\/wp-json\/wp\/v2\/media?parent=29700"}],"wp:term":[{"taxonomy":"product_brand","embeddable":true,"href":"https:\/\/www.flytiersworld.it\/en\/wp-json\/wp\/v2\/product_brand?post=29700"},{"taxonomy":"product_cat","embeddable":true,"href":"https:\/\/www.flytiersworld.it\/en\/wp-json\/wp\/v2\/product_cat?post=29700"},{"taxonomy":"product_tag","embeddable":true,"href":"https:\/\/www.flytiersworld.it\/en\/wp-json\/wp\/v2\/product_tag?post=29700"}],"curies":[{"name":"wp","href":"https:\/\/api.w.org\/{rel}","templated":true}]}}