{"id":29515,"date":"2011-12-28T17:18:48","date_gmt":"2011-12-28T17:18:48","guid":{"rendered":"http:\/\/www.flytiersworld.it\/?product=guadino-estensibile-3-in-1"},"modified":"2025-12-09T07:10:22","modified_gmt":"2025-12-09T07:10:22","slug":"guadino-estensibile-3-in-1","status":"publish","type":"product","link":"https:\/\/www.flytiersworld.it\/en\/shop\/guadini\/guadino-estensibile-3-in-1\/","title":{"rendered":"3-in-1 EXTENSIBLE GUADINE"},"content":{"rendered":"<p>&#8211; Telaio in alluminio ultra leggero offre forza straordinaria e rigidit\u00e0.<br \/>\n&#8211; Rete senza nodi a disegno esagonale con fondo piatto per il comodo alloggiamento del pesce.<br \/>\n&#8211; Ideale per il catch and realise in quanto la rete \u00e8 stata progettata per minimizzare i danni al pesce.<br \/>\n&#8211; Il guadino \u00e8 dotato di 2 manici in alluminio telescopici. Il manico pi\u00f9 corto \u00e8 lungo 25cm quando \u00e8 chiuso ideale per la pesca in fiume, in particolare per le gare di pesca, completamente aperto \u00e8 lungo 37 cm.- Nuova rete gommata per la salvaguardia del pesce, inodore anche se lasciato in macchina nel periodo estivo!<\/p>\n<p>Width 45 x 51<\/p>\n<p>Il secondo manico telescopico si estende da una lunghezza minima di 64cms ad una lunghezza totale di 115cms, fornendo una doppia possibilit\u00e0 di utilizzo anche dalla banca o da riva in lago. Entrambi i manici sono forniti con impugnature in schiuma ad alta densit\u00e0. Questo guadino \u00e8 quindi il massimo della\u00a0 versatilit\u00e0 essendo un 3 in 1, scelto anche dal campione del mondo Jain Barr.<\/p>\n<p>&nbsp;<\/p>","protected":false},"excerpt":{"rendered":"<p>&#8211; Telaio in alluminio ultra leggero offre forza straordinaria e rigidit\u00e0. &#8211; Rete senza nodi a disegno esagonale con fondo piatto per il comodo alloggiamento del pesce. &#8211; Ideale per il catch and realise in quanto la rete \u00e8 stata progettata per minimizzare i danni al pesce. &#8211; Il guadino \u00e8 dotato di 2 manici [&hellip;]<\/p>\n","protected":false},"featured_media":29516,"comment_status":"open","ping_status":"closed","template":"","meta":[],"product_brand":[],"product_cat":[3721],"product_tag":[5278],"class_list":{"0":"post-29515","1":"product","2":"type-product","3":"status-publish","4":"has-post-thumbnail","6":"product_cat-guadini","7":"product_tag-guadino-estensibile-3-in-1","8":"product_shipping_class-voluminoso-solo-con-corriere","9":"pa_brand-snowbee","11":"first","12":"instock","13":"shipping-taxable","14":"purchasable","15":"product-type-simple"},"_links":{"self":[{"href":"https:\/\/www.flytiersworld.it\/en\/wp-json\/wp\/v2\/product\/29515","targetHints":{"allow":["GET"]}}],"collection":[{"href":"https:\/\/www.flytiersworld.it\/en\/wp-json\/wp\/v2\/product"}],"about":[{"href":"https:\/\/www.flytiersworld.it\/en\/wp-json\/wp\/v2\/types\/product"}],"replies":[{"embeddable":true,"href":"https:\/\/www.flytiersworld.it\/en\/wp-json\/wp\/v2\/comments?post=29515"}],"wp:featuredmedia":[{"embeddable":true,"href":"https:\/\/www.flytiersworld.it\/en\/wp-json\/wp\/v2\/media\/29516"}],"wp:attachment":[{"href":"https:\/\/www.flytiersworld.it\/en\/wp-json\/wp\/v2\/media?parent=29515"}],"wp:term":[{"taxonomy":"product_brand","embeddable":true,"href":"https:\/\/www.flytiersworld.it\/en\/wp-json\/wp\/v2\/product_brand?post=29515"},{"taxonomy":"product_cat","embeddable":true,"href":"https:\/\/www.flytiersworld.it\/en\/wp-json\/wp\/v2\/product_cat?post=29515"},{"taxonomy":"product_tag","embeddable":true,"href":"https:\/\/www.flytiersworld.it\/en\/wp-json\/wp\/v2\/product_tag?post=29515"}],"curies":[{"name":"wp","href":"https:\/\/api.w.org\/{rel}","templated":true}]}}