{"id":29332,"date":"2011-12-20T17:31:00","date_gmt":"2011-12-20T17:31:00","guid":{"rendered":"http:\/\/www.flytiersworld.it\/?product=ftw-criniera-dalce"},"modified":"2025-09-03T12:30:22","modified_gmt":"2025-09-03T12:30:22","slug":"ftw-criniera-d-alce","status":"publish","type":"product","link":"https:\/\/www.flytiersworld.it\/en\/shop\/costruzione\/prodotti-per-la-costruzione\/materiale-per-corpi\/ftw-criniera-d-alce\/","title":{"rendered":"FTW ELK MANE"},"content":{"rendered":"<div style=\"padding-top: 10px;\">\n<p>Criniera d&#8217;alce Canadese, ottima per costruire corpi di secche e ninfe. Ha la particolarit\u00e0 di essere un pelo cavo risultando un materiale idoneo per le secche pi\u00f9 leggere. E&#8217; possibile utilizzarlo avvolgendo una fibre chiara ed una scura contemporaneamente ottenendo cos\u00ec un corpo perfettamente somigliante all&#8217;insetto vero, lo consiglio anche per imitare ali di effimere.<\/p>\n<p>&nbsp;<\/p>\n<\/div>\n<p>&nbsp;<\/p>\n<p>&nbsp;<\/p>","protected":false},"excerpt":{"rendered":"<p>Criniera d&#8217;alce Canadese, ottima per costruire corpi di secche e ninfe. Ha la particolarit\u00e0 di essere un pelo cavo risultando un materiale idoneo per le secche pi\u00f9 leggere. E&#8217; possibile utilizzarlo avvolgendo una fibre chiara ed una scura contemporaneamente ottenendo cos\u00ec un corpo perfettamente somigliante all&#8217;insetto vero, lo consiglio anche per imitare ali di effimere. [&hellip;]<\/p>\n","protected":false},"featured_media":29333,"comment_status":"open","ping_status":"closed","template":"","meta":[],"product_brand":[],"product_cat":[3715,3730,3726],"product_tag":[5212],"class_list":{"0":"post-29332","1":"product","2":"type-product","3":"status-publish","4":"has-post-thumbnail","6":"product_cat-prodotti-per-la-costruzione","7":"product_cat-materiale-per-corpi","8":"product_cat-peli","9":"product_tag-ftw-criniera-dalce","10":"pa_brand-flytiersworld","11":"pa_colori-peli-e-dubbing-naturale","13":"first","14":"instock","15":"shipping-taxable","16":"purchasable","17":"product-type-simple"},"_links":{"self":[{"href":"https:\/\/www.flytiersworld.it\/en\/wp-json\/wp\/v2\/product\/29332","targetHints":{"allow":["GET"]}}],"collection":[{"href":"https:\/\/www.flytiersworld.it\/en\/wp-json\/wp\/v2\/product"}],"about":[{"href":"https:\/\/www.flytiersworld.it\/en\/wp-json\/wp\/v2\/types\/product"}],"replies":[{"embeddable":true,"href":"https:\/\/www.flytiersworld.it\/en\/wp-json\/wp\/v2\/comments?post=29332"}],"wp:featuredmedia":[{"embeddable":true,"href":"https:\/\/www.flytiersworld.it\/en\/wp-json\/wp\/v2\/media\/29333"}],"wp:attachment":[{"href":"https:\/\/www.flytiersworld.it\/en\/wp-json\/wp\/v2\/media?parent=29332"}],"wp:term":[{"taxonomy":"product_brand","embeddable":true,"href":"https:\/\/www.flytiersworld.it\/en\/wp-json\/wp\/v2\/product_brand?post=29332"},{"taxonomy":"product_cat","embeddable":true,"href":"https:\/\/www.flytiersworld.it\/en\/wp-json\/wp\/v2\/product_cat?post=29332"},{"taxonomy":"product_tag","embeddable":true,"href":"https:\/\/www.flytiersworld.it\/en\/wp-json\/wp\/v2\/product_tag?post=29332"}],"curies":[{"name":"wp","href":"https:\/\/api.w.org\/{rel}","templated":true}]}}