{"id":29205,"date":"2011-03-17T10:06:17","date_gmt":"2011-03-17T10:06:17","guid":{"rendered":"http:\/\/www.flytiersworld.it\/?product=ftw-sgssnake-76"},"modified":"2024-10-17T12:48:03","modified_gmt":"2024-10-17T12:48:03","slug":"ftw-s-g-s-snake-7-6","status":"publish","type":"product","link":"https:\/\/www.flytiersworld.it\/en\/shop\/canne-mulinelli\/canne\/flytiersworld-canne\/ftw-s-g-s-snake-7-6\/","title":{"rendered":"FTW S.G.S.SNAKE 7'6"},"content":{"rendered":"<p>After a year of studies and rigorous testing, the new Fly Tiers World rods are born!<br \/>\nThis series of rods designed for dry-fishing was studied by the great master Fosco Torrini.<\/p>\n<p>Fosco: &#8220;La canna concepita per gli appassionati del lancio moderno ,la sua misura abbinata ad una azione veloce la rende molto adatta alla mosca secca, veloce quanto basta per proiettare senza alcuna difficolt\u00e0 code leggere anche a notevole distanza , la sua azione \u00e8 tendenzialmente di punta, senza per\u00f2 escludere il tallone che agisce in perfetta armonia con la vetta.<br \/>\nCon un minimo di preparazione difficilmente si perde il contatto con la coda, la quale si sviluppa con dei loop strettissimi ed altamente penetranti.&#8221;<\/p>\n<p>Fosco ha voluto che la S.G.S. Snake 7&#8217;6&#8243;#3 fosse una canna polivalente adatta per il lancio tecnico ma ottima anche in pesca. Il nome richiama le sue mitiche canne di molti anni fa e la voglia di Fosco di ritornare sul mercato ci ha spinto a creare queste nuove canne!<\/p>\n<p>L&#8217;azione della 7&#8217;6&#8243; \u00e8 rapida con un&#8217;ottima riserva di potenza del tallone, anch&#8217;essa, come le sorelle pi\u00f9 grandi 10&#8242;, \u00e8 verniciata di color bronzo opaco per evitare quei fastidiosi &#8220;flash&#8221; che in giornate soleggiate si riflettono nell&#8217;acqua andando a disturbare l&#8217;azione di pesca e, di conseguenza, i pesci.<br \/>\nOttima la performance anche qualora la si volesse utilizzare con la # 4. Porta mulinello in radica e anelli REG-OIL la pi\u00f9 importante azienda produttrice di componentistica per canne da mosca negli USA, il porta mulinello sempre in titanio e radica bilancia perfettamente la canna ed anche il sughero \u00e8 della massima qualit\u00e0 AAA.<br \/>\nLa canna \u00e8 corredata di un elegante tubo con tappo in alluminio anodizzato, maniglia e tracolla per il trasporto in tinta con il colore della canna.<\/p>\n<p>Weight 76 g.<\/p>\n<p>&nbsp;<\/p>","protected":false},"excerpt":{"rendered":"<p>Dopo un anno di studi e di severi test sono nate le nuove canne di Fly Tiers World !! Questa serie di canne nate per la pesca a secca sono state studiate dal grande Maestro Fosco Torrini. Fosco: &#8220;La canna concepita per gli appassionati del lancio moderno ,la sua misura abbinata ad una azione veloce [&hellip;]<\/p>\n","protected":false},"featured_media":29206,"comment_status":"open","ping_status":"closed","template":"","meta":[],"product_brand":[],"product_cat":[3830,3829,3839],"product_tag":[5140],"class_list":{"0":"post-29205","1":"product","2":"type-product","3":"status-publish","4":"has-post-thumbnail","6":"product_cat-canne","7":"product_cat-canne-mulinelli","8":"product_cat-flytiersworld-canne","9":"product_tag-canne-flytiersworld","10":"product_shipping_class-voluminoso-solo-con-corriere","11":"pa_brand-flytiersworld","12":"pa_versioni-canne-76-3","14":"first","15":"instock","16":"shipping-taxable","17":"purchasable","18":"product-type-variable"},"_links":{"self":[{"href":"https:\/\/www.flytiersworld.it\/en\/wp-json\/wp\/v2\/product\/29205","targetHints":{"allow":["GET"]}}],"collection":[{"href":"https:\/\/www.flytiersworld.it\/en\/wp-json\/wp\/v2\/product"}],"about":[{"href":"https:\/\/www.flytiersworld.it\/en\/wp-json\/wp\/v2\/types\/product"}],"replies":[{"embeddable":true,"href":"https:\/\/www.flytiersworld.it\/en\/wp-json\/wp\/v2\/comments?post=29205"}],"wp:featuredmedia":[{"embeddable":true,"href":"https:\/\/www.flytiersworld.it\/en\/wp-json\/wp\/v2\/media\/29206"}],"wp:attachment":[{"href":"https:\/\/www.flytiersworld.it\/en\/wp-json\/wp\/v2\/media?parent=29205"}],"wp:term":[{"taxonomy":"product_brand","embeddable":true,"href":"https:\/\/www.flytiersworld.it\/en\/wp-json\/wp\/v2\/product_brand?post=29205"},{"taxonomy":"product_cat","embeddable":true,"href":"https:\/\/www.flytiersworld.it\/en\/wp-json\/wp\/v2\/product_cat?post=29205"},{"taxonomy":"product_tag","embeddable":true,"href":"https:\/\/www.flytiersworld.it\/en\/wp-json\/wp\/v2\/product_tag?post=29205"}],"curies":[{"name":"wp","href":"https:\/\/api.w.org\/{rel}","templated":true}]}}