{"id":29196,"date":"2011-03-17T10:03:15","date_gmt":"2011-03-17T10:03:15","guid":{"rendered":"http:\/\/www.flytiersworld.it\/?product=ftw-sgs-centauro-super-80"},"modified":"2025-08-04T07:34:42","modified_gmt":"2025-08-04T07:34:42","slug":"ftw-s-g-s-centauro-super-8-0","status":"publish","type":"product","link":"https:\/\/www.flytiersworld.it\/en\/shop\/canne-mulinelli\/canne\/flytiersworld-canne\/ftw-s-g-s-centauro-super-8-0\/","title":{"rendered":"FTW S.G.S. CENTAUR SUPER 8'0"},"content":{"rendered":"<p>After a year of studies and rigorous testing, the new Fly Tiers World rods are born!<\/p>\n<p>This series of rods designed for dry-fishing was studied by the great master Fosco Torrini.<\/p>\n<p>Fosco: &#8220;Questa canna mantiene tutte le caratteristiche necessarie per un lancio moderno e veloce, la lunghezza 8 &#8220;piedi per\u00f2 la rende leggermente pi\u00f9 &#8220;plastica&#8221;\u00a0 diciamo che si presta molto anche a persone che sono un p\u00f2 meno preparate nel lancio , la sensazione che si avverte nell&#8217;uso \u00e8 quella di padronanza di coda , si riescono a stendere finali lunghi senza alcuna difficolt\u00e0 , nella ferrata \u00e8 molto decisa mantenendo per\u00f2 quella delicatezza necessaria , all&#8217;occorrenza pu\u00f2 essere usata anche per una pesca a sommersa o a ninfa leggera , molto adatta per una pesca\u00a0 leggerissima al temolo. La sua azione come la Snake \u00e8 tendenzialmente di punta.&#8221;<\/p>\n<p>Fosco ha voluto che la S.G.S. Centauro 8&#8217;0&#8243;# 3\/4 fosse una canna polivalente adatta per il lancio tecnico ma ottima anche in pesca. Il nome richiama le sue mitiche canne di molti anni fa e la voglia di Fosco di ritornare sul mercato ci ha spinto a creare queste nuove canne!<\/p>\n<p>L&#8217;azione della 8&#8217;0&#8243; \u00e8 rapida con un&#8217;ottima riserva di potenza del tallone, anch&#8217;essa, come le sorelle pi\u00f9 grandi 10&#8242;, \u00e8 verniciata di color bronzo opaco per evitare quei fastidiosi &#8220;flash&#8221; che in giornate soleggiate si riflettono nell&#8217;acqua andando a disturbare l&#8217;azione di pesca e, di conseguenza, i pesci.<\/p>\n<p>Ottima la performance anche qualora la si volesse utilizzare con la # 4. Porta mulinello in radica e anelli REG-OIL la pi\u00f9 importante azienda produttrice di componentistica per canne da mosca negli USA, il porta mulinello sempre in titanio e radica bilancia perfettamente la canna ed anche il sughero \u00e8 della massima qualit\u00e0 AAA.<\/p>\n<p>La canna \u00e8 corredata di un elegante tubo con tappo in alluminio anodizzato, maniglia e tracolla per il trasporto in tinta con il colore della canna.<\/p>\n<p>Weight 71 g.<\/p>","protected":false},"excerpt":{"rendered":"<p>Dopo un anno di studi e di severi test sono nate le nuove canne di Fly Tiers World !! Questa serie di canne nate per la pesca a secca sono state studiate dal grande Maestro Fosco Torrini. Fosco: &#8220;Questa canna mantiene tutte le caratteristiche necessarie per un lancio moderno e veloce, la lunghezza 8 &#8220;piedi [&hellip;]<\/p>\n","protected":false},"featured_media":29197,"comment_status":"open","ping_status":"closed","template":"","meta":[],"product_brand":[],"product_cat":[3830,3829,3839],"product_tag":[5140],"class_list":{"0":"post-29196","1":"product","2":"type-product","3":"status-publish","4":"has-post-thumbnail","6":"product_cat-canne","7":"product_cat-canne-mulinelli","8":"product_cat-flytiersworld-canne","9":"product_tag-canne-flytiersworld","10":"product_shipping_class-voluminoso-solo-con-corriere","11":"pa_brand-flytiersworld","12":"pa_versioni-canne-8-34","14":"first","15":"outofstock","16":"sale","17":"shipping-taxable","18":"purchasable","19":"product-type-variable"},"_links":{"self":[{"href":"https:\/\/www.flytiersworld.it\/en\/wp-json\/wp\/v2\/product\/29196","targetHints":{"allow":["GET"]}}],"collection":[{"href":"https:\/\/www.flytiersworld.it\/en\/wp-json\/wp\/v2\/product"}],"about":[{"href":"https:\/\/www.flytiersworld.it\/en\/wp-json\/wp\/v2\/types\/product"}],"replies":[{"embeddable":true,"href":"https:\/\/www.flytiersworld.it\/en\/wp-json\/wp\/v2\/comments?post=29196"}],"wp:featuredmedia":[{"embeddable":true,"href":"https:\/\/www.flytiersworld.it\/en\/wp-json\/wp\/v2\/media\/29197"}],"wp:attachment":[{"href":"https:\/\/www.flytiersworld.it\/en\/wp-json\/wp\/v2\/media?parent=29196"}],"wp:term":[{"taxonomy":"product_brand","embeddable":true,"href":"https:\/\/www.flytiersworld.it\/en\/wp-json\/wp\/v2\/product_brand?post=29196"},{"taxonomy":"product_cat","embeddable":true,"href":"https:\/\/www.flytiersworld.it\/en\/wp-json\/wp\/v2\/product_cat?post=29196"},{"taxonomy":"product_tag","embeddable":true,"href":"https:\/\/www.flytiersworld.it\/en\/wp-json\/wp\/v2\/product_tag?post=29196"}],"curies":[{"name":"wp","href":"https:\/\/api.w.org\/{rel}","templated":true}]}}