{"id":29181,"date":"2011-03-17T09:59:20","date_gmt":"2011-03-17T09:59:20","guid":{"rendered":"http:\/\/www.flytiersworld.it\/?product=ftw-light-czech-nympnhig-evolution-1034"},"modified":"2026-04-27T05:44:35","modified_gmt":"2026-04-27T05:44:35","slug":"ftw-light-czech-nymphing-evolution-10-3-4","status":"publish","type":"product","link":"https:\/\/www.flytiersworld.it\/en\/shop\/canne-mulinelli\/canne\/flytiersworld-canne\/ftw-light-czech-nymphing-evolution-10-3-4\/","title":{"rendered":"FTW LIGHT CZECH NYMPNHIG EVOLUTION 10'#3\/4"},"content":{"rendered":"<p>Questa fantastica canna \u00e8 l&#8217;EVOLUZIONE della oramai mitica Light Czeck Nymphing !!<\/p>\n<p>Nuovo carbonio nuovo look e nuova componentistica. Il colore della canna \u00e8 ancora opaco, Olive brown,\u00a0per evitare quei fastidiosi &#8220;flash&#8221; che in giornate soleggiate si riflettono nell&#8217;acqua andando a disturbare l&#8217;azione di pesca e, di conseguenza, i pesci. Le legature sono color Brown arricchite da comodissimi puntini bianchi per l&#8217;allineamento degli anelli<\/p>\n<p>Questa serie di canne da ninfe sono state da me studiate ed evolute per la pesca in high stick, pesca alla francese, sommersa e, all&#8217;occorrenza, divertenti e performanti anche per la pesca a secca! Anni di competizioni in tutto il mondo mi hanno portato a realizzare e volere due modelli di canna che ritengo essere il massimo per questo tipo di pesca.<\/p>\n<p>L&#8217;azione della 10&#8242; # 3\/4 \u00e8 rapida e progressiva nello stesso tempo adatta per pescare con terminali sottilissimi ed ami BL, gradevole e sufficientemente potente anche usata con piccoli streamers, rispetto alla 10&#8217;# 2\/3 questo modello ha una maggior riserva di potenza.<\/p>\n<p>Gli innesti non sono verniciati\u00a0per evitare l&#8217;inevitabile usura con il tempo mantenendo cos\u00ec sempre un perfetto grip tra gli elementi della canna.<\/p>\n<p>Gli anelli sono REC-OIL in titanio indeformabili, la pi\u00f9 importante azienda produttrice di componentistica per canne da mosca negli USA, il porta mulinello sempre in titanio con inserto in carbonio intrecciato dello stesso colore della canna che le dona un tocco in pi\u00f9 di eleganza e personalit\u00e0, sughero della massima qualit\u00e0 tipo AAA.<\/p>\n<p>La ricerca del massimo della leggerezza e delle performances lo si pu\u00f2 vedere anche dall&#8217;apicale, il classico TIP \u00e8 stato sostituito da un anello in titanio inserito nella vetta della canna e fissato con una leggerissima legatura. Questo montaggio alleggerisce del 70% la vetta rendendola molto pi\u00f9 leggera e sensibile.<\/p>\n<p>E&#8217; possibile acquistare separatamente alla canna una prolunga di 20 cm portando cos\u00ec la canna a 10&#8217;7&#8243;, l&#8217;azione risulter\u00e0 essere pi\u00f9 morbida e progressiva adatta alla pesca di ricerca cin terminali molto sottili.<\/p>\n<p>La canna \u00e8 corredata di un elegante tubo in cordura con zip di chiusura, maniglia e tracolla per il trasporto.<\/p>\n<p>Peso del grezzo 38\u00a0gr, canna finita 99\u00a0gr.<\/p>","protected":false},"excerpt":{"rendered":"<p>Questa fantastica canna \u00e8 l&#8217;EVOLUZIONE della oramai mitica Light Czeck Nymphing !! Nuovo carbonio nuovo look e nuova componentistica. Il colore della canna \u00e8 ancora opaco, Olive brown,\u00a0per evitare quei fastidiosi &#8220;flash&#8221; che in giornate soleggiate si riflettono nell&#8217;acqua andando a disturbare l&#8217;azione di pesca e, di conseguenza, i pesci. Le legature sono color Brown [&hellip;]<\/p>\n","protected":false},"featured_media":29182,"comment_status":"open","ping_status":"closed","template":"","meta":[],"product_brand":[],"product_cat":[3830,3829,3839],"product_tag":[5140],"class_list":{"0":"post-29181","1":"product","2":"type-product","3":"status-publish","4":"has-post-thumbnail","6":"product_cat-canne","7":"product_cat-canne-mulinelli","8":"product_cat-flytiersworld-canne","9":"product_tag-canne-flytiersworld","10":"product_shipping_class-voluminoso-solo-con-corriere","11":"pa_brand-flytiersworld","12":"pa_versioni-canne-10-34","13":"pa_versioni-canne-prolunga","15":"first","16":"instock","17":"sale","18":"shipping-taxable","19":"purchasable","20":"product-type-variable"},"_links":{"self":[{"href":"https:\/\/www.flytiersworld.it\/en\/wp-json\/wp\/v2\/product\/29181","targetHints":{"allow":["GET"]}}],"collection":[{"href":"https:\/\/www.flytiersworld.it\/en\/wp-json\/wp\/v2\/product"}],"about":[{"href":"https:\/\/www.flytiersworld.it\/en\/wp-json\/wp\/v2\/types\/product"}],"replies":[{"embeddable":true,"href":"https:\/\/www.flytiersworld.it\/en\/wp-json\/wp\/v2\/comments?post=29181"}],"wp:featuredmedia":[{"embeddable":true,"href":"https:\/\/www.flytiersworld.it\/en\/wp-json\/wp\/v2\/media\/29182"}],"wp:attachment":[{"href":"https:\/\/www.flytiersworld.it\/en\/wp-json\/wp\/v2\/media?parent=29181"}],"wp:term":[{"taxonomy":"product_brand","embeddable":true,"href":"https:\/\/www.flytiersworld.it\/en\/wp-json\/wp\/v2\/product_brand?post=29181"},{"taxonomy":"product_cat","embeddable":true,"href":"https:\/\/www.flytiersworld.it\/en\/wp-json\/wp\/v2\/product_cat?post=29181"},{"taxonomy":"product_tag","embeddable":true,"href":"https:\/\/www.flytiersworld.it\/en\/wp-json\/wp\/v2\/product_tag?post=29181"}],"curies":[{"name":"wp","href":"https:\/\/api.w.org\/{rel}","templated":true}]}}