{"id":29174,"date":"2011-03-16T17:18:56","date_gmt":"2011-03-16T17:18:56","guid":{"rendered":"http:\/\/www.flytiersworld.it\/?product=ftw-ghette-in-neoprene"},"modified":"2026-03-21T18:39:59","modified_gmt":"2026-03-21T18:39:59","slug":"ftw-ghette-in-neoprene","status":"publish","type":"product","link":"https:\/\/www.flytiersworld.it\/en\/shop\/waders-scarponi\/accessori-waders-scarponi\/ftw-ghette-in-neoprene\/","title":{"rendered":"FTW NEOPRENE GAITERS"},"content":{"rendered":"<p>This fantastic item is manufactured and patented by our company. The result of many years' experience, it combines the usefulness of protecting our waders from punctures with the convenience of fishing on your knees in comfort.<br \/>\nThe convenient adjustable Velcro fastener, as well as the extreme lightness that allows them to be easily stowed in the meat box, makes this item indispensable if you find yourself in shrubs and brambles.<br \/>\nA reinforced knee brace allows for knee fishing while providing excellent protection for the limb that is in contact with stones and bumps and protecting the fabric from often lethal abrasions.<br \/>\nThe length of the neoprene gaiter reaches just above the knee, insulating the lower limb from the cold in the most icy waters, but especially at the beginning and end of the season.<\/p>\n<p>They are the only gaiters that do NOT ruin the fabric of the waders with rubbing, as is the case with straps for other products on the market, and they also protect it from thorns in the back!<\/p>\n<p>Size M for calf circumferences of less than 38 cm<\/p>\n<p>Size L for calves between 39 cm and 42 cm in circumference<\/p>\n<p>Size XL for calves between 42 cm and 46 cm in circumference<\/p>\n<p>Available in three sizes: M, L, XL,<\/p>\n<p>- Anti thorns<br \/>\n- Protects against fabric abrasions in knee fishing<br \/>\n- Protects against the cold<\/p>","protected":false},"excerpt":{"rendered":"<p>Questo fantastico articolo \u00e8 prodotto e brevettato dalla nostra azienda. Frutto dell&#8217;esperienza di molti anni unisce l&#8217;utilit\u00e0 nel salvaguardare da forature i nostri waders alla comodit\u00e0 di pescare in ginocchio in tutto comfort. La comoda chiusura regolabile in velcro oltre all&#8217;estrema leggerezza che permette di riporle agevolmente nel carniere, fa diventare quest&#8217;oggetto indispensabile qualora ci [&hellip;]<\/p>\n","protected":false},"featured_media":29175,"comment_status":"open","ping_status":"closed","template":"","meta":[],"product_brand":[],"product_cat":[3777,3774],"product_tag":[5137],"class_list":{"0":"post-29174","1":"product","2":"type-product","3":"status-publish","4":"has-post-thumbnail","6":"product_cat-accessori-waders-scarponi","7":"product_cat-waders-scarponi","8":"product_tag-waders-e-scarpe","9":"product_shipping_class-voluminoso-solo-con-corriere","10":"pa_brand-flytiersworld","11":"pa_misure-waders-e-scarpe-l","12":"pa_misure-waders-e-scarpe-m","13":"pa_misure-waders-e-scarpe-xl","15":"first","16":"instock","17":"shipping-taxable","18":"purchasable","19":"product-type-variable"},"_links":{"self":[{"href":"https:\/\/www.flytiersworld.it\/en\/wp-json\/wp\/v2\/product\/29174","targetHints":{"allow":["GET"]}}],"collection":[{"href":"https:\/\/www.flytiersworld.it\/en\/wp-json\/wp\/v2\/product"}],"about":[{"href":"https:\/\/www.flytiersworld.it\/en\/wp-json\/wp\/v2\/types\/product"}],"replies":[{"embeddable":true,"href":"https:\/\/www.flytiersworld.it\/en\/wp-json\/wp\/v2\/comments?post=29174"}],"wp:featuredmedia":[{"embeddable":true,"href":"https:\/\/www.flytiersworld.it\/en\/wp-json\/wp\/v2\/media\/29175"}],"wp:attachment":[{"href":"https:\/\/www.flytiersworld.it\/en\/wp-json\/wp\/v2\/media?parent=29174"}],"wp:term":[{"taxonomy":"product_brand","embeddable":true,"href":"https:\/\/www.flytiersworld.it\/en\/wp-json\/wp\/v2\/product_brand?post=29174"},{"taxonomy":"product_cat","embeddable":true,"href":"https:\/\/www.flytiersworld.it\/en\/wp-json\/wp\/v2\/product_cat?post=29174"},{"taxonomy":"product_tag","embeddable":true,"href":"https:\/\/www.flytiersworld.it\/en\/wp-json\/wp\/v2\/product_tag?post=29174"}],"curies":[{"name":"wp","href":"https:\/\/api.w.org\/{rel}","templated":true}]}}