{"id":29037,"date":"2011-03-13T20:31:41","date_gmt":"2011-03-13T20:31:41","guid":{"rendered":"http:\/\/www.flytiersworld.it\/?product=ftw-bullet-scuplin-heads-streamer"},"modified":"2024-10-17T13:12:02","modified_gmt":"2024-10-17T13:12:02","slug":"ftw-bullet-scuplin-heads-streamer","status":"publish","type":"product","link":"https:\/\/www.flytiersworld.it\/en\/shop\/mosche\/streamer\/streamer-special-marmorata\/ftw-bullet-scuplin-heads-streamer\/","title":{"rendered":"FTW BULLET SCUPLIN HEADS STREAMER"},"content":{"rendered":"<p>Fantastica serie di streamers da marmorata e per la pesca dell&#8217;Hoco Huco.<\/p>\n<p>Montati sulle testine bullet sculpin heads sono in tre colorazioni. Il peso della versione Olive e della versione Brown \u00e8 di gr 4,40 mentre la versione Black \u00e8 gr 5,40.<\/p>\n<p>La lunghezza \u00e8 di circa 9 cm.<\/p>","protected":false},"excerpt":{"rendered":"<p>Fantastica serie di streamers da marmorata e per la pesca dell&#8217;Hoco Huco. Montati sulle testine bullet sculpin heads sono in tre colorazioni. Il peso della versione Olive e della versione Brown \u00e8 di gr 4,40 mentre la versione Black \u00e8 gr 5,40. La lunghezza \u00e8 di circa 9 cm.<\/p>","protected":false},"featured_media":29038,"comment_status":"open","ping_status":"closed","template":"","meta":[],"product_brand":[],"product_cat":[3717,3809,3804],"product_tag":[5101],"class_list":{"0":"post-29037","1":"product","2":"type-product","3":"status-publish","4":"has-post-thumbnail","6":"product_cat-mosche","7":"product_cat-streamer-special-marmorata","8":"product_cat-streamer","9":"product_tag-streamers-da-marmorata","10":"pa_colori-streamers-bullet-black","11":"pa_colori-streamers-bullet-olive","12":"pa_colori-streamers-bullet-tan","14":"first","15":"instock","16":"shipping-taxable","17":"purchasable","18":"product-type-variable"},"_links":{"self":[{"href":"https:\/\/www.flytiersworld.it\/en\/wp-json\/wp\/v2\/product\/29037","targetHints":{"allow":["GET"]}}],"collection":[{"href":"https:\/\/www.flytiersworld.it\/en\/wp-json\/wp\/v2\/product"}],"about":[{"href":"https:\/\/www.flytiersworld.it\/en\/wp-json\/wp\/v2\/types\/product"}],"replies":[{"embeddable":true,"href":"https:\/\/www.flytiersworld.it\/en\/wp-json\/wp\/v2\/comments?post=29037"}],"wp:featuredmedia":[{"embeddable":true,"href":"https:\/\/www.flytiersworld.it\/en\/wp-json\/wp\/v2\/media\/29038"}],"wp:attachment":[{"href":"https:\/\/www.flytiersworld.it\/en\/wp-json\/wp\/v2\/media?parent=29037"}],"wp:term":[{"taxonomy":"product_brand","embeddable":true,"href":"https:\/\/www.flytiersworld.it\/en\/wp-json\/wp\/v2\/product_brand?post=29037"},{"taxonomy":"product_cat","embeddable":true,"href":"https:\/\/www.flytiersworld.it\/en\/wp-json\/wp\/v2\/product_cat?post=29037"},{"taxonomy":"product_tag","embeddable":true,"href":"https:\/\/www.flytiersworld.it\/en\/wp-json\/wp\/v2\/product_tag?post=29037"}],"curies":[{"name":"wp","href":"https:\/\/api.w.org\/{rel}","templated":true}]}}