{"id":28456,"date":"2011-03-04T19:33:01","date_gmt":"2011-03-04T19:33:01","guid":{"rendered":"http:\/\/www.flytiersworld.it\/?product=calamaio-per-colla-cianacrilica"},"modified":"2026-02-10T17:27:58","modified_gmt":"2026-02-10T17:27:58","slug":"calamaio-per-colla-cianacrilica","status":"publish","type":"product","link":"https:\/\/www.flytiersworld.it\/en\/shop\/chimica\/colle-per-ali-teste\/calamaio-per-colla-cianacrilica\/","title":{"rendered":"INKWELL FOR CYANACRYLATE GLUE"},"content":{"rendered":"<p>Un paio di gocce di colla cianacrilica durano circa un paio d&#8217;ore senza seccare. La pulizia della scodellina \u00e8 consigliabile farla il giorno segunte all&#8217;uso aiutandosi con un cutter, infilare la punta del cutter nel centro della scodellina e far girare la stessa andando ad asportare la colla avanzata. La colla il giorno seguente risulter\u00e0 essere gommosa e non avr\u00e0 ancora avuto il tempo di cristallizzare favorendo cos\u00ec la sua rimozione. Nuona versione con calamita utilissima per riporre l&#8217;ago dopo l&#8217;uso evitando cos\u00ec di sporcare il mobile sottostante. Consiglio per rimuovere velocemente la colla residua essicata l&#8217;apposito SOLVENTE PER COLLA CIANACRILICA<\/p>\n<div><\/div>","protected":false},"excerpt":{"rendered":"<p>Un paio di gocce di colla cianacrilica durano circa un paio d&#8217;ore senza seccare. La pulizia della scodellina \u00e8 consigliabile farla il giorno segunte all&#8217;uso aiutandosi con un cutter, infilare la punta del cutter nel centro della scodellina e far girare la stessa andando ad asportare la colla avanzata. La colla il giorno seguente risulter\u00e0 [&hellip;]<\/p>\n","protected":false},"featured_media":28457,"comment_status":"open","ping_status":"closed","template":"","meta":[],"product_brand":[],"product_cat":[3735,3747],"product_tag":[3924,5041],"class_list":{"0":"post-28456","1":"product","2":"type-product","3":"status-publish","4":"has-post-thumbnail","6":"product_cat-chimica","7":"product_cat-colle-per-ali-teste","8":"product_tag-pesca-a-mosca","9":"product_tag-utensili","10":"pa_brand-flytiersworld","12":"first","13":"instock","14":"shipping-taxable","15":"purchasable","16":"product-type-simple"},"_links":{"self":[{"href":"https:\/\/www.flytiersworld.it\/en\/wp-json\/wp\/v2\/product\/28456","targetHints":{"allow":["GET"]}}],"collection":[{"href":"https:\/\/www.flytiersworld.it\/en\/wp-json\/wp\/v2\/product"}],"about":[{"href":"https:\/\/www.flytiersworld.it\/en\/wp-json\/wp\/v2\/types\/product"}],"replies":[{"embeddable":true,"href":"https:\/\/www.flytiersworld.it\/en\/wp-json\/wp\/v2\/comments?post=28456"}],"wp:featuredmedia":[{"embeddable":true,"href":"https:\/\/www.flytiersworld.it\/en\/wp-json\/wp\/v2\/media\/28457"}],"wp:attachment":[{"href":"https:\/\/www.flytiersworld.it\/en\/wp-json\/wp\/v2\/media?parent=28456"}],"wp:term":[{"taxonomy":"product_brand","embeddable":true,"href":"https:\/\/www.flytiersworld.it\/en\/wp-json\/wp\/v2\/product_brand?post=28456"},{"taxonomy":"product_cat","embeddable":true,"href":"https:\/\/www.flytiersworld.it\/en\/wp-json\/wp\/v2\/product_cat?post=28456"},{"taxonomy":"product_tag","embeddable":true,"href":"https:\/\/www.flytiersworld.it\/en\/wp-json\/wp\/v2\/product_tag?post=28456"}],"curies":[{"name":"wp","href":"https:\/\/api.w.org\/{rel}","templated":true}]}}