{"id":28277,"date":"2011-03-02T17:53:21","date_gmt":"2011-03-02T17:53:21","guid":{"rendered":"http:\/\/www.flytiersworld.it\/?product=skalka-hooks-l-x-25"},"modified":"2024-10-22T12:49:17","modified_gmt":"2024-10-22T12:49:17","slug":"skalka-hooks-l-x-25","status":"publish","type":"product","link":"https:\/\/www.flytiersworld.it\/en\/shop\/costruzione\/prodotti-per-la-costruzione\/ami\/ami-trota-temolo\/skalka-hooks-l-x-25\/","title":{"rendered":"SKALKA HOOKS L X 25"},"content":{"rendered":"<p>Nuova serie nata per la costruzione di artificiali da reservoir. Questo amo \u00e8 stato studiato anche per la cattura di grossi pesci, la sezione del filo \u00e8 stata rinforzata non compromettendo l&#8217;armonicit\u00e0 dell&#8217;amo stesso, perfetto anche per realizzare imitazioni di chironomi damsel fly e ninfe.<\/p>\n<p>&nbsp;<\/p>\n<p>&nbsp;<\/p>","protected":false},"excerpt":{"rendered":"<p>Nuova serie nata per la costruzione di artificiali da reservoir. Questo amo \u00e8 stato studiato anche per la cattura di grossi pesci, la sezione del filo \u00e8 stata rinforzata non compromettendo l&#8217;armonicit\u00e0 dell&#8217;amo stesso, perfetto anche per realizzare imitazioni di chironomi damsel fly e ninfe. &nbsp; &nbsp;<\/p>","protected":false},"featured_media":28278,"comment_status":"open","ping_status":"closed","template":"","meta":[],"product_brand":[],"product_cat":[3724,3715,3741],"product_tag":[4990],"class_list":{"0":"post-28277","1":"product","2":"type-product","3":"status-publish","4":"has-post-thumbnail","6":"product_cat-ami","7":"product_cat-prodotti-per-la-costruzione","8":"product_cat-ami-trota-temolo","9":"product_tag-ami","10":"pa_brand-skalka","11":"pa_misure-ami-4996","12":"pa_misure-ami-4988","13":"pa_misure-ami-4989","14":"pa_misure-ami-4995","16":"first","17":"instock","18":"sale","19":"shipping-taxable","20":"purchasable","21":"product-type-variable"},"_links":{"self":[{"href":"https:\/\/www.flytiersworld.it\/en\/wp-json\/wp\/v2\/product\/28277","targetHints":{"allow":["GET"]}}],"collection":[{"href":"https:\/\/www.flytiersworld.it\/en\/wp-json\/wp\/v2\/product"}],"about":[{"href":"https:\/\/www.flytiersworld.it\/en\/wp-json\/wp\/v2\/types\/product"}],"replies":[{"embeddable":true,"href":"https:\/\/www.flytiersworld.it\/en\/wp-json\/wp\/v2\/comments?post=28277"}],"wp:featuredmedia":[{"embeddable":true,"href":"https:\/\/www.flytiersworld.it\/en\/wp-json\/wp\/v2\/media\/28278"}],"wp:attachment":[{"href":"https:\/\/www.flytiersworld.it\/en\/wp-json\/wp\/v2\/media?parent=28277"}],"wp:term":[{"taxonomy":"product_brand","embeddable":true,"href":"https:\/\/www.flytiersworld.it\/en\/wp-json\/wp\/v2\/product_brand?post=28277"},{"taxonomy":"product_cat","embeddable":true,"href":"https:\/\/www.flytiersworld.it\/en\/wp-json\/wp\/v2\/product_cat?post=28277"},{"taxonomy":"product_tag","embeddable":true,"href":"https:\/\/www.flytiersworld.it\/en\/wp-json\/wp\/v2\/product_tag?post=28277"}],"curies":[{"name":"wp","href":"https:\/\/api.w.org\/{rel}","templated":true}]}}