{"id":28022,"date":"2011-03-02T14:28:24","date_gmt":"2011-03-02T14:28:24","guid":{"rendered":"http:\/\/www.flytiersworld.it\/?product=ftw-skin-di-cesena"},"modified":"2025-12-12T12:45:07","modified_gmt":"2025-12-12T12:45:07","slug":"ftw-skin-di-cesena","status":"publish","type":"product","link":"https:\/\/www.flytiersworld.it\/en\/shop\/costruzione\/prodotti-per-la-costruzione\/piume\/piume-varie\/ftw-skin-di-cesena\/","title":{"rendered":"FTW SKIN OF CESENA"},"content":{"rendered":"<p>Fantastico skin di Ces\u00e8na (Turdus Pilaris) per la costruzione di Valsesiane, piccole emergenti e spiders, la comodit\u00e0 di utilizzare lo skin \u00e8 quella di poter scegliere le piume desiderate strappandone una alla volta senza\u00a0farle volare\u00a0ovunque in casa.<\/p>","protected":false},"excerpt":{"rendered":"<p>Fantastico skin di Ces\u00e8na (Turdus Pilaris) per la costruzione di Valsesiane, piccole emergenti e spiders, la comodit\u00e0 di utilizzare lo skin \u00e8 quella di poter scegliere le piume desiderate strappandone una alla volta senza\u00a0farle volare\u00a0ovunque in casa.<\/p>","protected":false},"featured_media":28023,"comment_status":"open","ping_status":"closed","template":"","meta":[],"product_brand":[],"product_cat":[3715,3716,3759],"product_tag":[4848],"class_list":{"0":"post-28022","1":"product","2":"type-product","3":"status-publish","4":"has-post-thumbnail","6":"product_cat-prodotti-per-la-costruzione","7":"product_cat-piume","8":"product_cat-piume-varie","9":"product_tag-piume","11":"first","12":"instock","13":"shipping-taxable","14":"purchasable","15":"product-type-simple"},"_links":{"self":[{"href":"https:\/\/www.flytiersworld.it\/en\/wp-json\/wp\/v2\/product\/28022","targetHints":{"allow":["GET"]}}],"collection":[{"href":"https:\/\/www.flytiersworld.it\/en\/wp-json\/wp\/v2\/product"}],"about":[{"href":"https:\/\/www.flytiersworld.it\/en\/wp-json\/wp\/v2\/types\/product"}],"replies":[{"embeddable":true,"href":"https:\/\/www.flytiersworld.it\/en\/wp-json\/wp\/v2\/comments?post=28022"}],"wp:featuredmedia":[{"embeddable":true,"href":"https:\/\/www.flytiersworld.it\/en\/wp-json\/wp\/v2\/media\/28023"}],"wp:attachment":[{"href":"https:\/\/www.flytiersworld.it\/en\/wp-json\/wp\/v2\/media?parent=28022"}],"wp:term":[{"taxonomy":"product_brand","embeddable":true,"href":"https:\/\/www.flytiersworld.it\/en\/wp-json\/wp\/v2\/product_brand?post=28022"},{"taxonomy":"product_cat","embeddable":true,"href":"https:\/\/www.flytiersworld.it\/en\/wp-json\/wp\/v2\/product_cat?post=28022"},{"taxonomy":"product_tag","embeddable":true,"href":"https:\/\/www.flytiersworld.it\/en\/wp-json\/wp\/v2\/product_tag?post=28022"}],"curies":[{"name":"wp","href":"https:\/\/api.w.org\/{rel}","templated":true}]}}