{"id":27996,"date":"2011-03-02T14:08:53","date_gmt":"2011-03-02T14:08:53","guid":{"rendered":"http:\/\/www.flytiersworld.it\/?product=ftw-partridge-skin"},"modified":"2026-03-13T08:44:14","modified_gmt":"2026-03-13T08:44:14","slug":"ftw-partridge-skin","status":"publish","type":"product","link":"https:\/\/www.flytiersworld.it\/en\/shop\/costruzione\/prodotti-per-la-costruzione\/piume\/piume-varie\/ftw-partridge-skin\/","title":{"rendered":"FTW PARTRIDGE SKIN"},"content":{"rendered":"<p>Skin di pernice inglese selezionata di prima qualit\u00e0. La comodit\u00e0 di utilizzare lo skin di qualsiasi animale \u00e8 quella di non avere\u00a0in giro\u00a0piume in buste di ogni genere e misura\u00a0ma si ha la possibilit\u00e0 di scegliere la piuma della lunghezza desiderata semplicemente staccandone una alla volta dalla pelle.<\/p>","protected":false},"excerpt":{"rendered":"<p>Skin di pernice inglese selezionata di prima qualit\u00e0. La comodit\u00e0 di utilizzare lo skin di qualsiasi animale \u00e8 quella di non avere\u00a0in giro\u00a0piume in buste di ogni genere e misura\u00a0ma si ha la possibilit\u00e0 di scegliere la piuma della lunghezza desiderata semplicemente staccandone una alla volta dalla pelle.<\/p>","protected":false},"featured_media":27997,"comment_status":"open","ping_status":"closed","template":"","meta":[],"product_brand":[],"product_cat":[3715,3716,3759],"product_tag":[4848],"class_list":{"0":"post-27996","1":"product","2":"type-product","3":"status-publish","4":"has-post-thumbnail","6":"product_cat-prodotti-per-la-costruzione","7":"product_cat-piume","8":"product_cat-piume-varie","9":"product_tag-piume","10":"pa_brand-flytiersworld","11":"pa_colori-piume-natural","13":"first","14":"outofstock","15":"shipping-taxable","16":"purchasable","17":"product-type-variable"},"_links":{"self":[{"href":"https:\/\/www.flytiersworld.it\/en\/wp-json\/wp\/v2\/product\/27996","targetHints":{"allow":["GET"]}}],"collection":[{"href":"https:\/\/www.flytiersworld.it\/en\/wp-json\/wp\/v2\/product"}],"about":[{"href":"https:\/\/www.flytiersworld.it\/en\/wp-json\/wp\/v2\/types\/product"}],"replies":[{"embeddable":true,"href":"https:\/\/www.flytiersworld.it\/en\/wp-json\/wp\/v2\/comments?post=27996"}],"wp:featuredmedia":[{"embeddable":true,"href":"https:\/\/www.flytiersworld.it\/en\/wp-json\/wp\/v2\/media\/27997"}],"wp:attachment":[{"href":"https:\/\/www.flytiersworld.it\/en\/wp-json\/wp\/v2\/media?parent=27996"}],"wp:term":[{"taxonomy":"product_brand","embeddable":true,"href":"https:\/\/www.flytiersworld.it\/en\/wp-json\/wp\/v2\/product_brand?post=27996"},{"taxonomy":"product_cat","embeddable":true,"href":"https:\/\/www.flytiersworld.it\/en\/wp-json\/wp\/v2\/product_cat?post=27996"},{"taxonomy":"product_tag","embeddable":true,"href":"https:\/\/www.flytiersworld.it\/en\/wp-json\/wp\/v2\/product_tag?post=27996"}],"curies":[{"name":"wp","href":"https:\/\/api.w.org\/{rel}","templated":true}]}}