{"id":27495,"date":"2011-02-26T20:14:02","date_gmt":"2011-02-26T20:14:02","guid":{"rendered":"http:\/\/www.flytiersworld.it\/?product=dubbing-brush-tricolor"},"modified":"2024-11-02T12:32:17","modified_gmt":"2024-11-02T12:32:17","slug":"dubbing-brush-tricolor","status":"publish","type":"product","link":"https:\/\/www.flytiersworld.it\/en\/shop\/costruzione\/prodotti-per-la-costruzione\/dubbing\/naturale\/dubbing-brush-tricolor\/","title":{"rendered":"TRICOLOUR DUBBING BRUSH"},"content":{"rendered":"<p>Cordino di materiale naturale nato per realizzare Czech nymph, il procedimento per la realizzazione di una ninfa \u00e8 semplice: tagliare a met\u00e0 il cordino fissarlo dalla parte chiara sulla curvatura dell&#8217;amo e avvolgerlo, la parte in ice dub fornir\u00e0 uno spot molto attrattivo mentre la parte scura imiter\u00e0 il torace.<\/p>\n<p>&nbsp;<\/p>\n<div><\/div>\n<p>&nbsp;<\/p>","protected":false},"excerpt":{"rendered":"<p>Cordino di materiale naturale nato per realizzare Czech nymph, il procedimento per la realizzazione di una ninfa \u00e8 semplice: tagliare a met\u00e0 il cordino fissarlo dalla parte chiara sulla curvatura dell&#8217;amo e avvolgerlo, la parte in ice dub fornir\u00e0 uno spot molto attrattivo mentre la parte scura imiter\u00e0 il torace. &nbsp; &nbsp;<\/p>","protected":false},"featured_media":27496,"comment_status":"open","ping_status":"closed","template":"","meta":[],"product_brand":[],"product_cat":[3725,3715,3748],"product_tag":[4726,4725,3924],"class_list":{"0":"post-27495","1":"product","2":"type-product","3":"status-publish","4":"has-post-thumbnail","6":"product_cat-dubbing","7":"product_cat-prodotti-per-la-costruzione","8":"product_cat-naturale","9":"product_tag-dubbing","10":"product_tag-peli","11":"product_tag-pesca-a-mosca","12":"pa_brand-siman","13":"pa_colori-peli-e-dubbing-golden-pink-dark-brown","14":"pa_colori-peli-e-dubbing-natural-uv-pink-dark-brown","15":"pa_colori-peli-e-dubbing-olive-br-fluo-oran-dark-brown","16":"pa_colori-peli-e-dubbing-orange-fluo-oran-dark-brown","17":"pa_colori-peli-e-dubbing-pink-uv-pink-dark-brown","18":"pa_colori-peli-e-dubbing-red-brown-fluo-orange-dark-brown","19":"pa_colori-peli-e-dubbing-tan-fluo-pink-dark-brown","20":"pa_colori-peli-e-dubbing-tan-uv-pink-dark-brown","22":"first","23":"instock","24":"shipping-taxable","25":"purchasable","26":"product-type-variable"},"_links":{"self":[{"href":"https:\/\/www.flytiersworld.it\/en\/wp-json\/wp\/v2\/product\/27495","targetHints":{"allow":["GET"]}}],"collection":[{"href":"https:\/\/www.flytiersworld.it\/en\/wp-json\/wp\/v2\/product"}],"about":[{"href":"https:\/\/www.flytiersworld.it\/en\/wp-json\/wp\/v2\/types\/product"}],"replies":[{"embeddable":true,"href":"https:\/\/www.flytiersworld.it\/en\/wp-json\/wp\/v2\/comments?post=27495"}],"wp:featuredmedia":[{"embeddable":true,"href":"https:\/\/www.flytiersworld.it\/en\/wp-json\/wp\/v2\/media\/27496"}],"wp:attachment":[{"href":"https:\/\/www.flytiersworld.it\/en\/wp-json\/wp\/v2\/media?parent=27495"}],"wp:term":[{"taxonomy":"product_brand","embeddable":true,"href":"https:\/\/www.flytiersworld.it\/en\/wp-json\/wp\/v2\/product_brand?post=27495"},{"taxonomy":"product_cat","embeddable":true,"href":"https:\/\/www.flytiersworld.it\/en\/wp-json\/wp\/v2\/product_cat?post=27495"},{"taxonomy":"product_tag","embeddable":true,"href":"https:\/\/www.flytiersworld.it\/en\/wp-json\/wp\/v2\/product_tag?post=27495"}],"curies":[{"name":"wp","href":"https:\/\/api.w.org\/{rel}","templated":true}]}}