{"id":30235,"date":"2013-04-08T12:21:53","date_gmt":"2013-04-08T12:21:53","guid":{"rendered":"http:\/\/www.flytiersworld.it\/?product=ace-skagit-head"},"modified":"2025-02-17T15:22:22","modified_gmt":"2025-02-17T15:22:22","slug":"ace-skagit-head","status":"publish","type":"product","link":"http:\/\/www.flytiersworld.it\/en\/shop\/code-monofili-backing\/code-di-topo\/code-canna-una-mano\/code-fiume\/ace-skagit-head\/","title":{"rendered":"ACE SKAGIT HEAD"},"content":{"rendered":"<p>Facile, efficace e versatile, se hai bisogno di andare in profondit\u00e0, usare mosche grandi e pesanti e vuoi comunque mantenere il controllo, Ace Skagit \u00e8 il sistema di lenza che fa per te. La gamma di teste copre pesi di lenza per lunghezze e pesi di canne pertinenti. La gamma di punte T include tre diverse lunghezze e ciascuna di esse ha tre diverse classi di peso. La lunghezza della punta e la velocit\u00e0 di affondamento vengono scelte in base al luogo in cui peschi, non in base a ci\u00f2 che pensi che la lenza possa lanciare. Tutte le punte sono dotate di anelli pre-realizzati in entrambe le estremit\u00e0 per rendere la tua pesca piacevole e facile. Tutte le teste Ace Skagit sono fornite con una punta T14.<\/p>\n<p>42g 650grain<\/p>\n<p>&nbsp;<\/p>\n<p>&nbsp;<\/p>","protected":false},"excerpt":{"rendered":"<p>Facile, efficace e versatile, se hai bisogno di andare in profondit\u00e0, usare mosche grandi e pesanti e vuoi comunque mantenere il controllo, Ace Skagit \u00e8 il sistema di lenza che fa per te. La gamma di teste copre pesi di lenza per lunghezze e pesi di canne pertinenti. La gamma di punte T include tre [&hellip;]<\/p>\n","protected":false},"featured_media":30236,"comment_status":"open","ping_status":"closed","template":"","meta":[],"product_brand":[],"product_cat":[3871,3870,3869,3848,3885,3884],"product_tag":[5599,3924],"class_list":{"0":"post-30235","1":"product","2":"type-product","3":"status-publish","4":"has-post-thumbnail","6":"product_cat-code-canna-due-mani","7":"product_cat-code-canna-una-mano","8":"product_cat-code-di-topo","9":"product_cat-code-monofili-backing","10":"product_cat-code-fiume","11":"product_cat-code-lago","12":"product_tag-ace-skagit-head","13":"product_tag-pesca-a-mosca","14":"pa_brand-vision","15":"pa_versioni-code-ace-skagit-42gr650-grains","17":"first","18":"instock","19":"sale","20":"shipping-taxable","21":"purchasable","22":"product-type-variable"},"_links":{"self":[{"href":"http:\/\/www.flytiersworld.it\/en\/wp-json\/wp\/v2\/product\/30235","targetHints":{"allow":["GET"]}}],"collection":[{"href":"http:\/\/www.flytiersworld.it\/en\/wp-json\/wp\/v2\/product"}],"about":[{"href":"http:\/\/www.flytiersworld.it\/en\/wp-json\/wp\/v2\/types\/product"}],"replies":[{"embeddable":true,"href":"http:\/\/www.flytiersworld.it\/en\/wp-json\/wp\/v2\/comments?post=30235"}],"wp:featuredmedia":[{"embeddable":true,"href":"http:\/\/www.flytiersworld.it\/en\/wp-json\/wp\/v2\/media\/30236"}],"wp:attachment":[{"href":"http:\/\/www.flytiersworld.it\/en\/wp-json\/wp\/v2\/media?parent=30235"}],"wp:term":[{"taxonomy":"product_brand","embeddable":true,"href":"http:\/\/www.flytiersworld.it\/en\/wp-json\/wp\/v2\/product_brand?post=30235"},{"taxonomy":"product_cat","embeddable":true,"href":"http:\/\/www.flytiersworld.it\/en\/wp-json\/wp\/v2\/product_cat?post=30235"},{"taxonomy":"product_tag","embeddable":true,"href":"http:\/\/www.flytiersworld.it\/en\/wp-json\/wp\/v2\/product_tag?post=30235"}],"curies":[{"name":"wp","href":"https:\/\/api.w.org\/{rel}","templated":true}]}}